{"id":3,"date":"2023-03-08T09:50:03","date_gmt":"2023-03-08T09:50:03","guid":{"rendered":"https:\/\/cofesan.com\/?page_id=3"},"modified":"2026-04-25T19:23:11","modified_gmt":"2026-04-25T19:23:11","slug":"privacy-policy","status":"publish","type":"page","link":"https:\/\/cofesan.com\/index.php\/privacy-policy\/","title":{"rendered":"Privacy Policy"},"content":{"rendered":"\t\t<div data-elementor-type=\"wp-page\" data-elementor-id=\"3\" class=\"elementor elementor-3\">\n\t\t\t\t\t\t<section class=\"elementor-section elementor-top-section elementor-element elementor-element-51fa6e4f elementor-section-boxed elementor-section-height-default elementor-section-height-default\" data-id=\"51fa6e4f\" data-element_type=\"section\" data-e-type=\"section\">\n\t\t\t\t\t\t<div class=\"elementor-container elementor-column-gap-default\">\n\t\t\t\t\t<div class=\"elementor-column elementor-col-100 elementor-top-column elementor-element elementor-element-3dfc8621\" data-id=\"3dfc8621\" data-element_type=\"column\" data-e-type=\"column\">\n\t\t\t<div class=\"elementor-widget-wrap elementor-element-populated\">\n\t\t\t\t\t\t<div class=\"elementor-element elementor-element-5395cb9c elementor-widget elementor-widget-text-editor\" data-id=\"5395cb9c\" data-element_type=\"widget\" data-e-type=\"widget\" data-widget_type=\"text-editor.default\">\n\t\t\t\t<div class=\"elementor-widget-container\">\n\t\t\t\t\t\t\t\t\t\n<p><strong>\u00a0<\/strong><\/p>\n<p><strong>Aviso legal<\/strong><\/p>\n<p>De acuerdo con el Art. 10 de la Ley 34\/2002 de 11 de julio de Servicios de la Sociedad de la Informaci\u00f3n y de Comercio Electr\u00f3nico ponemos disposici\u00f3n los siguientes datos:<\/p>\n<p>El titular de la p\u00e1gina Web\u00a0 www.cocinascofesan.com y www.cofesan.com\u00a0es la Entidad Herminia S\u00e0nchez Campos, en adelante \u201cCOFESAN\u201d, con Cif: 53682834Y y domicilio social en Calle Ter 61, 29006, M\u00e1laga (Espa\u00f1a) y direcci\u00f3n de correo electr\u00f3nico <a href=\"mailto:js@jamonessalamanca.com\">oficina@cocinascofesan.com<\/a> \u00a0<\/p>\n<p><strong>COFESAN <\/strong>\u00a0informa a los usuarios de la p\u00e1gina Web que cumple con la vigente legislaci\u00f3n espa\u00f1ola y, en especial, con el REGLAMENTO (UE) 2016\/679 DEL PARLAMENTO EUROPEO Y DEL CONSEJO de 27 de abril de 2016, de Protecci\u00f3n de Datos de Car\u00e1cter Persona y la Ley Org\u00e1nica de Protecci\u00f3n de Datos de Car\u00e1cter Personal (en adelante, LOPD) y la Ley 34\/2002 de 11 de julio de Servicios de la Sociedad de la Informaci\u00f3n y del Comercio Electr\u00f3nico (en adelante, LSSICE).<\/p>\n<p>En consecuencia, pone en conocimiento del Usuario las condiciones de acceso y uso de la p\u00e1gina Web reflejadas en la parte superior.<\/p>\n<p>\u00a0<strong>Reglas generales<\/strong><\/p>\n<p>La utilizaci\u00f3n de esta p\u00e1gina Web implica la atribuci\u00f3n de la condici\u00f3n de \u201cUsuario\u201d y, en su caso, la aceptaci\u00f3n plena de todas las disposiciones incluidas en este \u201cAviso Legal\u201d desde el mismo momento en que se accede a la p\u00e1gina Web.<\/p>\n<p>Las presentes condiciones son las vigentes desde la fecha de su \u00faltima actualizaci\u00f3n. COFESAN se reserva el derecho a modificarlas en cualquier momento y sin preaviso, en cuyo caso entrar\u00e1n en vigor desde su publicaci\u00f3n y ser\u00e1n aplicables a todos los Usuarios del portal desde esa fecha. Por ello, COFESAN recomienda a los Usuarios que cada vez que quieran entrar y hacer uso de la p\u00e1gina Web lean detenidamente el contenido del presente \u201cAviso Legal\u201d.<\/p>\n<p>Todos los servicios relacionados con esta Web son de acceso p\u00fablico y gratuitos, excepto el coste de la conexi\u00f3n a trav\u00e9s de la red de telecomunicaciones suministrado por el proveedor contratado por su cuenta.<\/p>\n<p>El acceso y\/o uso\u00a0 de\u00a0 este\u00a0 portal\u00a0 de\u00a0COFESAN<strong>\u00a0<\/strong>atribuye la condici\u00f3n\u00a0 de USUARIO, que acepta, desde dicho acceso y\/ o uso, las Condiciones Generales de Uso aqu\u00ed reflejadas. Las citadas Condiciones ser\u00e1n de aplicaci\u00f3n independientemente de las Condiciones Generales de Contrataci\u00f3n que en su caso resulten de obligado \u00a0cumplimiento.<\/p>\n<p><strong>Pol\u00edtica de privacidad<\/strong><\/p>\n<p>No se recaban datos personales de los usuarios.<\/p>\n<p><strong>Correos comerciales<\/strong><\/p>\n<p>De acuerdo con la LSSICE, COFESAN no realiza pr\u00e1cticas de spam, por lo que no env\u00eda correos comerciales por v\u00eda electr\u00f3nica que no hayan sido previamente solicitados o autorizados por el Usuario. En consecuencia, en cada uno de los formularios habidos en la p\u00e1gina web, el Usuario tiene la posibilidad de dar su consentimiento expreso para recibir correos comerciales con informaci\u00f3n de nuevos servicios, con independencia de la informaci\u00f3n comercial puntualmente solicitada.<\/p>\n<p>El consentimiento dado podr\u00e1 ser revocado en cualquier momento por el Usuario mediante el procedimiento establecido en la propia p\u00e1gina Web.<\/p>\n<p>\u00a0<strong>Cookies y links<\/strong><\/p>\n<p>Esta p\u00e1gina Web utiliza cookies con finalidades estad\u00edsticas de la utilizaci\u00f3n de la misma. Estas cookies tan s\u00f3lo registran las direcciones IP del Usuario y nunca informaci\u00f3n personal, como la propia direcci\u00f3n del correo electr\u00f3nico. Por otro lado, nunca a trav\u00e9s de una cookie se puede extraer la informaci\u00f3n contenida en el disco duro. Las cookies suelen tener una duraci\u00f3n temporal y, en su caso, el Usuario puede configurar su navegador para aceptar o no las cookies que recibe y\/o avisarle de su recepci\u00f3n. En \u00e9ste caso, le rogamos consulte con su proveedor.<\/p>\n<p>Por otro lado, COFESAN no es el titular de los otros sitios de la Red a los que se pueda acceder mediante la utilizaci\u00f3n de links o hiperv\u00ednculos. En consecuencia, el Usuario acceder\u00e1 bajo su exclusiva responsabilidad a sus respectivos contenidos y condiciones de uso.<\/p>\n<p>\u00a0<strong>Propiedad industrial e intelectual<\/strong><\/p>\n<p>Las marcas, nombres comerciales o signos distintivos son propiedad de COFESAN o, en su caso, de terceros. Al mismo tiempo COFESAN tambi\u00e9n es titular de todos los contenidos de la p\u00e1gina Web, excepto que se especifique lo contrario, entendiendo por \u00e9stos a modo meramente enunciativo los textos, gr\u00e1ficos e iconos, elementos de video y\/o audio, c\u00f3digos fuente, etc.<\/p>\n<p>En consecuencia, el acceso a la p\u00e1gina Web no confiere al Usuario ning\u00fan derecho sobre los mismos y se proh\u00edbe su uso y reproducci\u00f3n, total o parcial, sin el permiso expl\u00edcito de COFESAN.<\/p>\n<p>No obstante, se autoriza al Usuario a realizar enlaces o links que conduzcan a la p\u00e1gina Web siempre y cuando: 1) Quede constancia de la identidad de su propietario. 2) El link \u00fanicamente podr\u00e1 vincular a la p\u00e1gina principal o de inicio, sin reproducirla en modo alguno. 3) No se utilice la marca COFESAN o cualquier otro signo distintivo que pueda confundir sobre la propiedad de la p\u00e1gina Web que establezca el link. 4) Las p\u00e1ginas o sitios de la Red a trav\u00e9s de los cuales se realice el enlace no deben atentar a la moral, al orden p\u00fablico y las buenas costumbres y han de ser respetuosos con los principios de no discriminaci\u00f3n y el respeto a la dignidad de la persona, la protecci\u00f3n a la juventud y la infancia y, en general, todos aquellos recogidos en el art\u00edculo 8 de la LSSICE.<\/p>\n<p>En cualquier caso, queda prohibida cualquier alteraci\u00f3n de la p\u00e1gina Web que pueda afectar a su actual dise\u00f1o y contenido.<\/p>\n<p>COFESAN perseguir\u00e1 el incumplimiento del presente \u201cAviso Legal\u201d, as\u00ed como cualquier utilizaci\u00f3n indebida de la propiedad industrial o intelectual protegida.<\/p>\n<p>\u00a0<strong>Responsabilidad<\/strong><\/p>\n<p>COFESAN no se hace responsable bajo ning\u00fan concepto de los da\u00f1os que pudieran dimanar del uso ilegal o indebido de la presente p\u00e1gina Web.<\/p>\n<p>Al mismo tiempo, COFESAN queda eximida de cualquier responsabilidad por los da\u00f1os y perjuicios que se pudieran ocasionar como consecuencia del acceso, reproducci\u00f3n, captaci\u00f3n y transmisi\u00f3n de los contenidos y servicios de la p\u00e1gina Web facilitados por terceros.<\/p>\n<p>COFESAN no garantiza la idoneidad, disponibilidad, oportunidad o exactitud de la informaci\u00f3n contenida en la p\u00e1gina Web y podr\u00e1 actualizarse, modificarse o eliminarse sin previo aviso. En todo caso, recordamos al Usuario que no utilice la informaci\u00f3n habida en la p\u00e1gina Web con fines particulares sin el asesoramiento o supervisi\u00f3n de un profesional.<\/p>\n<p>El USUARIO asume la responsabilidad del uso del portal. Dicha responsabilidad se extiende al registro que fuese necesario para acceder a determinados\u00a0 servicios\u00a0 o En dicho registro el\u00a0 USUARIO\u00a0 ser\u00e1\u00a0 responsable\u00a0 de\u00a0 aportar informaci\u00f3n veraz y l\u00edcita. Como consecuencia de este registro, al USUARIO se le puede proporcionar una contrase\u00f1a de la que ser\u00e1 responsable, comprometi\u00e9ndose a hacer\u00a0 un\u00a0 uso\u00a0 diligente\u00a0 y confidencial de la misma. El USUARIO se compromete a hacer un uso adecuado de los contenidos y ser vicios\u00a0 ( como por\u00a0 ejemplo servicios de chat, foros de discusi\u00f3n o grupos de noticias) que COFESAN,<strong>\u00a0<\/strong>ofrece a trav\u00e9s de su portal y con car\u00e1cter enunciativo pero no limitativo, a no emplearlos\u00a0 para\u00a0 (i)\u00a0 incurrir\u00a0 en actividades\u00a0 il\u00edcitas,\u00a0 ilegales\u00a0 o contrarias a la buena fe\u00a0 y\u00a0<em>al\u00a0<\/em>orden\u00a0 p\u00fablico;(ii)\u00a0 difundir\u00a0 contenidos\u00a0 o\u00a0 propaganda\u00a0 de\u00a0 car\u00e1cter racista, xen\u00f3fobo, pornogr\u00e1fico-ilegal, de apolog\u00eda del terrorismo o atentatorio contra los derechos humanos; (iii) provocar da\u00f1os en los sistemas f\u00edsicos y l\u00f3gicos de COFESAN,\u00a0 de sus proveedores\u00a0 o de\u00a0 terceras\u00a0 personas,\u00a0 introducir o difundir\u00a0 en\u00a0 la\u00a0 red\u00a0 virus\u00a0 inform\u00e1ticos\u00a0 o\u00a0 cualesquiera\u00a0\u00a0 otros\u00a0 sistemas f\u00edsicos o l\u00f3gicos que sean susceptibles de provocar los da\u00f1os anteriormente mencionados; (iv) intentar\u00a0 acceder\u00a0 y,\u00a0 en\u00a0 su\u00a0 caso, utilizar\u00a0 las cuentas de correo electr\u00f3nico\u00a0 de otros usuarios\u00a0 y modificar o manipular sus mensajes. COFESAN,<strong>\u00a0<\/strong>se reserva\u00a0 el\u00a0 derecho\u00a0 de\u00a0 retirar\u00a0 todos\u00a0 aquellos comentarios y aportaciones\u00a0 que\u00a0 vulneren\u00a0 el respeto\u00a0 a\u00a0 la dignidad de la persona, que sean discriminatorios , xen\u00f3fobos, racistas, pornogr\u00e1ficos, que atenten contra\u00a0 la juventud\u00a0 o la infancia,\u00a0 el orden o la seguridad p\u00fablica o que, a su juicio,\u00a0 no resultaran\u00a0 adecuados\u00a0 para su publicaci\u00f3n. En cualquier caso, COFESAN,<strong>\u00a0<\/strong>no ser\u00e1 responsable de las opiniones vertidas por los usuarios a trav\u00e9s de los foros, chats, u otras herramientas de participaci\u00f3n.<\/p>\n<p>En el caso de que\u00a0 en www.cocinascofesan.com<strong>\u00a0<\/strong>se dispusiesen enlaces\u00a0 o hiperv\u00ednculos\u00a0 hac\u00eda otros\u00a0 sitios\u00a0 de Internet, COFESAN<strong>\u00a0<\/strong>no ejercer\u00e1 ning\u00fan tipo\u00a0\u00a0 de\u00a0 control\u00a0 sobre\u00a0 dichos\u00a0 sitios\u00a0\u00a0 y\u00a0 contenidos.\u00a0 En\u00a0 ning\u00fan\u00a0 caso COFESAN,<strong>\u00a0<\/strong>asumir\u00e1 responsabilidad alguna por los contenidos de alg\u00fan\u00a0 enlace perteneciente a un sitio web ajeno, ni garantizar\u00e1 la disponibilidad t\u00e9cnica, calidad, fiabilidad, exactitud, amplitud, veracidad, validez y constitucionalidad de cualquier material o informaci\u00f3n contenida en ninguno\u00a0 de\u00a0 dichos\u00a0 hiperv\u00ednculos\u00a0 u\u00a0 otros\u00a0 sitios\u00a0 de\u00a0 Internet. Igualmente la inclusi\u00f3n de estas conexiones externas no implicar\u00e1 ning\u00fan tipo de asociaci\u00f3n, fusi\u00f3n o participaci\u00f3n con las entidades conectadas.<\/p>\n<p>Finalmente, COFESAN se reserva el derecho a interrumpir de forma temporal o definitiva los servicios facilitados a trav\u00e9s de la p\u00e1gina Web, advirti\u00e9ndolo, cuando as\u00ed sea posible, mediante un anuncio en el propio portal.<\/p>\n<p><strong>Cambio de normativa<\/strong><\/p>\n<p>COFESAN se reserva el derecho de modificar el presente \u201cAviso Legal\u201d, incluida su pol\u00edtica de privacidad y comercial, con el objeto de adaptarla a las novedades legislativas o jurisprudenciales.<\/p>\n<p>\u00a0<\/p>\n<p><strong>Legislaci\u00f3n y jurisdicci\u00f3n aplicable<\/strong><\/p>\n<p>Las presentes condiciones de acceso y uso de la p\u00e1gina Web quedan sujetos al Ordenamiento jur\u00eddico espa\u00f1ol.<\/p>\n<p>Para la resoluci\u00f3n de cualquier divergencia en la interpretaci\u00f3n y\/o cumplimiento de las presentes condiciones de acceso y uso de la p\u00e1gina Web, el Usuario y COFESAN, con renuncia a su fuero propio, se someten a la jurisdicci\u00f3n y competencia de los Juzgados y Tribunales de M\u00e1laga, Espa\u00f1a.<\/p>\n\t\t\t\t\t\t\t\t<\/div>\n\t\t\t\t<\/div>\n\t\t\t\t\t<\/div>\n\t\t<\/div>\n\t\t\t\t\t<\/div>\n\t\t<\/section>\n\t\t\t\t<\/div>\n\t\t","protected":false},"excerpt":{"rendered":"<p>\u00a0 Aviso legal De acuerdo con el Art. 10 de la Ley 34\/2002 de 11 de julio de Servicios de la Sociedad de la Informaci\u00f3n y de Comercio Electr\u00f3nico ponemos disposici\u00f3n los siguientes datos: El titular de la p\u00e1gina Web\u00a0 www.cocinascofesan.com y www.cofesan.com\u00a0es la Entidad Herminia S\u00e0nchez Campos, en adelante \u201cCOFESAN\u201d, con Cif: 53682834Y y [&hellip;]<\/p>\n","protected":false},"author":1,"featured_media":0,"parent":0,"menu_order":0,"comment_status":"closed","ping_status":"closed","template":"","meta":{"footnotes":""},"class_list":["post-3","page","type-page","status-publish","hentry"],"yoast_head":"<!-- This site is optimized with the Yoast SEO plugin v27.4 - https:\/\/yoast.com\/product\/yoast-seo-wordpress\/ -->\n<title>Privacy Policy - Cocinas Cofesan<\/title>\n<meta name=\"robots\" content=\"index, follow, max-snippet:-1, max-image-preview:large, max-video-preview:-1\" \/>\n<link rel=\"canonical\" href=\"https:\/\/cofesan.com\/index.php\/privacy-policy\/\" \/>\n<meta property=\"og:locale\" content=\"es_ES\" \/>\n<meta property=\"og:type\" content=\"article\" \/>\n<meta property=\"og:title\" content=\"Privacy Policy - Cocinas Cofesan\" \/>\n<meta property=\"og:description\" content=\"\u00a0 Aviso legal De acuerdo con el Art. 10 de la Ley 34\/2002 de 11 de julio de Servicios de la Sociedad de la Informaci\u00f3n y de Comercio Electr\u00f3nico ponemos disposici\u00f3n los siguientes datos: El titular de la p\u00e1gina Web\u00a0 www.cocinascofesan.com y www.cofesan.com\u00a0es la Entidad Herminia S\u00e0nchez Campos, en adelante \u201cCOFESAN\u201d, con Cif: 53682834Y y [&hellip;]\" \/>\n<meta property=\"og:url\" content=\"https:\/\/cofesan.com\/index.php\/privacy-policy\/\" \/>\n<meta property=\"og:site_name\" content=\"Cocinas Cofesan\" \/>\n<meta property=\"article:modified_time\" content=\"2026-04-25T19:23:11+00:00\" \/>\n<meta name=\"twitter:card\" content=\"summary_large_image\" \/>\n<meta name=\"twitter:label1\" content=\"Tiempo de lectura\" \/>\n\t<meta name=\"twitter:data1\" content=\"8 minutos\" \/>\n<script type=\"application\/ld+json\" class=\"yoast-schema-graph\">{\"@context\":\"https:\\\/\\\/schema.org\",\"@graph\":[{\"@type\":\"WebPage\",\"@id\":\"https:\\\/\\\/cofesan.com\\\/index.php\\\/privacy-policy\\\/\",\"url\":\"https:\\\/\\\/cofesan.com\\\/index.php\\\/privacy-policy\\\/\",\"name\":\"Privacy Policy - Cocinas Cofesan\",\"isPartOf\":{\"@id\":\"https:\\\/\\\/cofesan.com\\\/#website\"},\"datePublished\":\"2023-03-08T09:50:03+00:00\",\"dateModified\":\"2026-04-25T19:23:11+00:00\",\"breadcrumb\":{\"@id\":\"https:\\\/\\\/cofesan.com\\\/index.php\\\/privacy-policy\\\/#breadcrumb\"},\"inLanguage\":\"es\",\"potentialAction\":[{\"@type\":\"ReadAction\",\"target\":[\"https:\\\/\\\/cofesan.com\\\/index.php\\\/privacy-policy\\\/\"]}]},{\"@type\":\"BreadcrumbList\",\"@id\":\"https:\\\/\\\/cofesan.com\\\/index.php\\\/privacy-policy\\\/#breadcrumb\",\"itemListElement\":[{\"@type\":\"ListItem\",\"position\":1,\"name\":\"Portada\",\"item\":\"https:\\\/\\\/cofesan.com\\\/\"},{\"@type\":\"ListItem\",\"position\":2,\"name\":\"Privacy Policy\"}]},{\"@type\":\"WebSite\",\"@id\":\"https:\\\/\\\/cofesan.com\\\/#website\",\"url\":\"https:\\\/\\\/cofesan.com\\\/\",\"name\":\"Cocinas Cofesan\",\"description\":\"Fabricante de muebles de cocina, armarios y ba\u00f1os\",\"publisher\":{\"@id\":\"https:\\\/\\\/cofesan.com\\\/#organization\"},\"potentialAction\":[{\"@type\":\"SearchAction\",\"target\":{\"@type\":\"EntryPoint\",\"urlTemplate\":\"https:\\\/\\\/cofesan.com\\\/?s={search_term_string}\"},\"query-input\":{\"@type\":\"PropertyValueSpecification\",\"valueRequired\":true,\"valueName\":\"search_term_string\"}}],\"inLanguage\":\"es\"},{\"@type\":\"Organization\",\"@id\":\"https:\\\/\\\/cofesan.com\\\/#organization\",\"name\":\"Cocinas Cofesan\",\"url\":\"https:\\\/\\\/cofesan.com\\\/\",\"logo\":{\"@type\":\"ImageObject\",\"inLanguage\":\"es\",\"@id\":\"https:\\\/\\\/cofesan.com\\\/#\\\/schema\\\/logo\\\/image\\\/\",\"url\":\"https:\\\/\\\/cofesan.com\\\/wp-content\\\/uploads\\\/2023\\\/03\\\/cropped-LOGOGESTOR-01-e1770757743939.gif\",\"contentUrl\":\"https:\\\/\\\/cofesan.com\\\/wp-content\\\/uploads\\\/2023\\\/03\\\/cropped-LOGOGESTOR-01-e1770757743939.gif\",\"width\":312,\"height\":312,\"caption\":\"Cocinas Cofesan\"},\"image\":{\"@id\":\"https:\\\/\\\/cofesan.com\\\/#\\\/schema\\\/logo\\\/image\\\/\"}}]}<\/script>\n<!-- \/ Yoast SEO plugin. -->","yoast_head_json":{"title":"Privacy Policy - Cocinas Cofesan","robots":{"index":"index","follow":"follow","max-snippet":"max-snippet:-1","max-image-preview":"max-image-preview:large","max-video-preview":"max-video-preview:-1"},"canonical":"https:\/\/cofesan.com\/index.php\/privacy-policy\/","og_locale":"es_ES","og_type":"article","og_title":"Privacy Policy - Cocinas Cofesan","og_description":"\u00a0 Aviso legal De acuerdo con el Art. 10 de la Ley 34\/2002 de 11 de julio de Servicios de la Sociedad de la Informaci\u00f3n y de Comercio Electr\u00f3nico ponemos disposici\u00f3n los siguientes datos: El titular de la p\u00e1gina Web\u00a0 www.cocinascofesan.com y www.cofesan.com\u00a0es la Entidad Herminia S\u00e0nchez Campos, en adelante \u201cCOFESAN\u201d, con Cif: 53682834Y y [&hellip;]","og_url":"https:\/\/cofesan.com\/index.php\/privacy-policy\/","og_site_name":"Cocinas Cofesan","article_modified_time":"2026-04-25T19:23:11+00:00","twitter_card":"summary_large_image","twitter_misc":{"Tiempo de lectura":"8 minutos"},"schema":{"@context":"https:\/\/schema.org","@graph":[{"@type":"WebPage","@id":"https:\/\/cofesan.com\/index.php\/privacy-policy\/","url":"https:\/\/cofesan.com\/index.php\/privacy-policy\/","name":"Privacy Policy - Cocinas Cofesan","isPartOf":{"@id":"https:\/\/cofesan.com\/#website"},"datePublished":"2023-03-08T09:50:03+00:00","dateModified":"2026-04-25T19:23:11+00:00","breadcrumb":{"@id":"https:\/\/cofesan.com\/index.php\/privacy-policy\/#breadcrumb"},"inLanguage":"es","potentialAction":[{"@type":"ReadAction","target":["https:\/\/cofesan.com\/index.php\/privacy-policy\/"]}]},{"@type":"BreadcrumbList","@id":"https:\/\/cofesan.com\/index.php\/privacy-policy\/#breadcrumb","itemListElement":[{"@type":"ListItem","position":1,"name":"Portada","item":"https:\/\/cofesan.com\/"},{"@type":"ListItem","position":2,"name":"Privacy Policy"}]},{"@type":"WebSite","@id":"https:\/\/cofesan.com\/#website","url":"https:\/\/cofesan.com\/","name":"Cocinas Cofesan","description":"Fabricante de muebles de cocina, armarios y ba\u00f1os","publisher":{"@id":"https:\/\/cofesan.com\/#organization"},"potentialAction":[{"@type":"SearchAction","target":{"@type":"EntryPoint","urlTemplate":"https:\/\/cofesan.com\/?s={search_term_string}"},"query-input":{"@type":"PropertyValueSpecification","valueRequired":true,"valueName":"search_term_string"}}],"inLanguage":"es"},{"@type":"Organization","@id":"https:\/\/cofesan.com\/#organization","name":"Cocinas Cofesan","url":"https:\/\/cofesan.com\/","logo":{"@type":"ImageObject","inLanguage":"es","@id":"https:\/\/cofesan.com\/#\/schema\/logo\/image\/","url":"https:\/\/cofesan.com\/wp-content\/uploads\/2023\/03\/cropped-LOGOGESTOR-01-e1770757743939.gif","contentUrl":"https:\/\/cofesan.com\/wp-content\/uploads\/2023\/03\/cropped-LOGOGESTOR-01-e1770757743939.gif","width":312,"height":312,"caption":"Cocinas Cofesan"},"image":{"@id":"https:\/\/cofesan.com\/#\/schema\/logo\/image\/"}}]}},"jetpack_sharing_enabled":true,"_links":{"self":[{"href":"https:\/\/cofesan.com\/index.php\/wp-json\/wp\/v2\/pages\/3","targetHints":{"allow":["GET"]}}],"collection":[{"href":"https:\/\/cofesan.com\/index.php\/wp-json\/wp\/v2\/pages"}],"about":[{"href":"https:\/\/cofesan.com\/index.php\/wp-json\/wp\/v2\/types\/page"}],"author":[{"embeddable":true,"href":"https:\/\/cofesan.com\/index.php\/wp-json\/wp\/v2\/users\/1"}],"replies":[{"embeddable":true,"href":"https:\/\/cofesan.com\/index.php\/wp-json\/wp\/v2\/comments?post=3"}],"version-history":[{"count":4,"href":"https:\/\/cofesan.com\/index.php\/wp-json\/wp\/v2\/pages\/3\/revisions"}],"predecessor-version":[{"id":17158,"href":"https:\/\/cofesan.com\/index.php\/wp-json\/wp\/v2\/pages\/3\/revisions\/17158"}],"wp:attachment":[{"href":"https:\/\/cofesan.com\/index.php\/wp-json\/wp\/v2\/media?parent=3"}],"curies":[{"name":"wp","href":"https:\/\/api.w.org\/{rel}","templated":true}]}}